{"id":716,"date":"2024-03-21T16:33:03","date_gmt":"2024-03-21T16:33:03","guid":{"rendered":"https:\/\/azzurrastore.com\/?post_type=product&#038;p=716"},"modified":"2024-03-21T16:41:53","modified_gmt":"2024-03-21T16:41:53","slug":"olio-balsamico-100ml","status":"publish","type":"product","link":"https:\/\/interesting-lumiere.212-132-98-230.plesk.page\/index.php\/prodotto\/olio-balsamico-100ml\/","title":{"rendered":"Olio Balsamico 100ml"},"content":{"rendered":"","protected":false},"excerpt":{"rendered":"<p>&nbsp;<\/p>\n<p>Il profumo intenso dell\u2019olio \u00e8 dato dal bouquet di erbe olii essenziali di menta ed eucalipto.<\/p>\n<p>A livello aroma terapico, l\u2019effetto dell\u2019olio \u00e8 stimolante e rivitalizzante.<\/p>\n<p>Uno dei suoi usi pi\u00f9 noti \u00e8 il massaggio sui muscoli affaticati per lo sport, o l\u2019azione antidolorifica che svolge nei confronti delle infiammazioni come torcicollo e cervicale.<br \/>\n<strong>Benefici<\/strong>:<\/p>\n<ul>\n<li>Viene consigliato anche per curare i dolori mestruali e il mal di testa.<\/li>\n<li>Le sue virt\u00f9 rinfrescanti e lenitive lo rendono perfetto dopo una prolungata esposizione ai raggi solari, o per gambe e piedi gonfi. Uno dei suoi benefici pi\u00f9 conclamati \u00e8 quello di liberare le vie respiratorie.<\/li>\n<li>Diluito pu\u00f2 essere usato anche come sostituto di olii per il corpo, per lenire arrossamenti post depilatori.<\/li>\n<\/ul>\n","protected":false},"featured_media":707,"comment_status":"open","ping_status":"closed","template":"","meta":[],"product_cat":[40],"product_tag":[],"class_list":{"0":"post-716","1":"product","2":"type-product","3":"status-publish","4":"has-post-thumbnail","6":"product_cat-linea-erboristica","8":"first","9":"instock","10":"shipping-taxable","11":"purchasable","12":"product-type-simple"},"yoast_head":"<!-- This site is optimized with the Yoast SEO plugin v22.3 - https:\/\/yoast.com\/wordpress\/plugins\/seo\/ -->\n<title>Olio Balsamico 100ml - Demo<\/title>\n<meta name=\"robots\" content=\"noindex, follow, max-snippet:-1, max-image-preview:large, max-video-preview:-1\" \/>\n<meta property=\"og:locale\" content=\"it_IT\" \/>\n<meta property=\"og:type\" content=\"article\" \/>\n<meta property=\"og:title\" content=\"Olio Balsamico 100ml - Demo\" \/>\n<meta property=\"og:description\" content=\"&nbsp;  Il profumo intenso dell\u2019olio \u00e8 dato dal bouquet di erbe olii essenziali di menta ed eucalipto.  A livello aroma terapico, l\u2019effetto dell\u2019olio \u00e8 stimolante e rivitalizzante.  Uno dei suoi usi pi\u00f9 noti \u00e8 il massaggio sui muscoli affaticati per lo sport, o l\u2019azione antidolorifica che svolge nei confronti delle infiammazioni come torcicollo e cervicale. Benefici:   Viene consigliato anche per curare i dolori mestruali e il mal di testa.  Le sue virt\u00f9 rinfrescanti e lenitive lo rendono perfetto dopo una prolungata esposizione ai raggi solari, o per gambe e piedi gonfi. Uno dei suoi benefici pi\u00f9 conclamati \u00e8 quello di liberare le vie respiratorie.  Diluito pu\u00f2 essere usato anche come sostituto di olii per il corpo, per lenire arrossamenti post depilatori.\" \/>\n<meta property=\"og:url\" content=\"https:\/\/interesting-lumiere.212-132-98-230.plesk.page\/index.php\/prodotto\/olio-balsamico-100ml\/\" \/>\n<meta property=\"og:site_name\" content=\"Demo\" \/>\n<meta property=\"article:modified_time\" content=\"2024-03-21T16:41:53+00:00\" \/>\n<meta property=\"og:image\" content=\"https:\/\/interesting-lumiere.212-132-98-230.plesk.page\/wp-content\/uploads\/2016\/02\/152-1.webp\" \/>\n\t<meta property=\"og:image:width\" content=\"600\" \/>\n\t<meta property=\"og:image:height\" content=\"600\" \/>\n\t<meta property=\"og:image:type\" content=\"image\/webp\" \/>\n<meta name=\"twitter:card\" content=\"summary_large_image\" \/>\n<meta name=\"twitter:label1\" content=\"Tempo di lettura stimato\" \/>\n\t<meta name=\"twitter:data1\" content=\"1 minuto\" \/>\n<script type=\"application\/ld+json\" class=\"yoast-schema-graph\">{\"@context\":\"https:\/\/schema.org\",\"@graph\":[{\"@type\":\"WebPage\",\"@id\":\"https:\/\/interesting-lumiere.212-132-98-230.plesk.page\/index.php\/prodotto\/olio-balsamico-100ml\/\",\"url\":\"https:\/\/interesting-lumiere.212-132-98-230.plesk.page\/index.php\/prodotto\/olio-balsamico-100ml\/\",\"name\":\"Olio Balsamico 100ml - Demo\",\"isPartOf\":{\"@id\":\"https:\/\/interesting-lumiere.212-132-98-230.plesk.page\/#website\"},\"primaryImageOfPage\":{\"@id\":\"https:\/\/interesting-lumiere.212-132-98-230.plesk.page\/index.php\/prodotto\/olio-balsamico-100ml\/#primaryimage\"},\"image\":{\"@id\":\"https:\/\/interesting-lumiere.212-132-98-230.plesk.page\/index.php\/prodotto\/olio-balsamico-100ml\/#primaryimage\"},\"thumbnailUrl\":\"https:\/\/interesting-lumiere.212-132-98-230.plesk.page\/wp-content\/uploads\/2016\/02\/152-1.webp\",\"datePublished\":\"2024-03-21T16:33:03+00:00\",\"dateModified\":\"2024-03-21T16:41:53+00:00\",\"breadcrumb\":{\"@id\":\"https:\/\/interesting-lumiere.212-132-98-230.plesk.page\/index.php\/prodotto\/olio-balsamico-100ml\/#breadcrumb\"},\"inLanguage\":\"it-IT\",\"potentialAction\":[{\"@type\":\"ReadAction\",\"target\":[\"https:\/\/interesting-lumiere.212-132-98-230.plesk.page\/index.php\/prodotto\/olio-balsamico-100ml\/\"]}]},{\"@type\":\"ImageObject\",\"inLanguage\":\"it-IT\",\"@id\":\"https:\/\/interesting-lumiere.212-132-98-230.plesk.page\/index.php\/prodotto\/olio-balsamico-100ml\/#primaryimage\",\"url\":\"https:\/\/interesting-lumiere.212-132-98-230.plesk.page\/wp-content\/uploads\/2016\/02\/152-1.webp\",\"contentUrl\":\"https:\/\/interesting-lumiere.212-132-98-230.plesk.page\/wp-content\/uploads\/2016\/02\/152-1.webp\",\"width\":600,\"height\":600},{\"@type\":\"BreadcrumbList\",\"@id\":\"https:\/\/interesting-lumiere.212-132-98-230.plesk.page\/index.php\/prodotto\/olio-balsamico-100ml\/#breadcrumb\",\"itemListElement\":[{\"@type\":\"ListItem\",\"position\":1,\"name\":\"Home\",\"item\":\"https:\/\/interesting-lumiere.212-132-98-230.plesk.page\/\"},{\"@type\":\"ListItem\",\"position\":2,\"name\":\"Shop\",\"item\":\"https:\/\/interesting-lumiere.212-132-98-230.plesk.page\/index.php\/negozio\/\"},{\"@type\":\"ListItem\",\"position\":3,\"name\":\"Olio Balsamico 100ml\"}]},{\"@type\":\"WebSite\",\"@id\":\"https:\/\/interesting-lumiere.212-132-98-230.plesk.page\/#website\",\"url\":\"https:\/\/interesting-lumiere.212-132-98-230.plesk.page\/\",\"name\":\"Demo\",\"description\":\"\",\"potentialAction\":[{\"@type\":\"SearchAction\",\"target\":{\"@type\":\"EntryPoint\",\"urlTemplate\":\"https:\/\/interesting-lumiere.212-132-98-230.plesk.page\/?s={search_term_string}\"},\"query-input\":\"required name=search_term_string\"}],\"inLanguage\":\"it-IT\"}]}<\/script>\n<!-- \/ Yoast SEO plugin. -->","yoast_head_json":{"title":"Olio Balsamico 100ml - Demo","robots":{"index":"noindex","follow":"follow","max-snippet":"max-snippet:-1","max-image-preview":"max-image-preview:large","max-video-preview":"max-video-preview:-1"},"og_locale":"it_IT","og_type":"article","og_title":"Olio Balsamico 100ml - Demo","og_description":"&nbsp;  Il profumo intenso dell\u2019olio \u00e8 dato dal bouquet di erbe olii essenziali di menta ed eucalipto.  A livello aroma terapico, l\u2019effetto dell\u2019olio \u00e8 stimolante e rivitalizzante.  Uno dei suoi usi pi\u00f9 noti \u00e8 il massaggio sui muscoli affaticati per lo sport, o l\u2019azione antidolorifica che svolge nei confronti delle infiammazioni come torcicollo e cervicale. Benefici:   Viene consigliato anche per curare i dolori mestruali e il mal di testa.  Le sue virt\u00f9 rinfrescanti e lenitive lo rendono perfetto dopo una prolungata esposizione ai raggi solari, o per gambe e piedi gonfi. Uno dei suoi benefici pi\u00f9 conclamati \u00e8 quello di liberare le vie respiratorie.  Diluito pu\u00f2 essere usato anche come sostituto di olii per il corpo, per lenire arrossamenti post depilatori.","og_url":"https:\/\/interesting-lumiere.212-132-98-230.plesk.page\/index.php\/prodotto\/olio-balsamico-100ml\/","og_site_name":"Demo","article_modified_time":"2024-03-21T16:41:53+00:00","og_image":[{"width":600,"height":600,"url":"https:\/\/interesting-lumiere.212-132-98-230.plesk.page\/wp-content\/uploads\/2016\/02\/152-1.webp","type":"image\/webp"}],"twitter_card":"summary_large_image","twitter_misc":{"Tempo di lettura stimato":"1 minuto"},"schema":{"@context":"https:\/\/schema.org","@graph":[{"@type":"WebPage","@id":"https:\/\/interesting-lumiere.212-132-98-230.plesk.page\/index.php\/prodotto\/olio-balsamico-100ml\/","url":"https:\/\/interesting-lumiere.212-132-98-230.plesk.page\/index.php\/prodotto\/olio-balsamico-100ml\/","name":"Olio Balsamico 100ml - Demo","isPartOf":{"@id":"https:\/\/interesting-lumiere.212-132-98-230.plesk.page\/#website"},"primaryImageOfPage":{"@id":"https:\/\/interesting-lumiere.212-132-98-230.plesk.page\/index.php\/prodotto\/olio-balsamico-100ml\/#primaryimage"},"image":{"@id":"https:\/\/interesting-lumiere.212-132-98-230.plesk.page\/index.php\/prodotto\/olio-balsamico-100ml\/#primaryimage"},"thumbnailUrl":"https:\/\/interesting-lumiere.212-132-98-230.plesk.page\/wp-content\/uploads\/2016\/02\/152-1.webp","datePublished":"2024-03-21T16:33:03+00:00","dateModified":"2024-03-21T16:41:53+00:00","breadcrumb":{"@id":"https:\/\/interesting-lumiere.212-132-98-230.plesk.page\/index.php\/prodotto\/olio-balsamico-100ml\/#breadcrumb"},"inLanguage":"it-IT","potentialAction":[{"@type":"ReadAction","target":["https:\/\/interesting-lumiere.212-132-98-230.plesk.page\/index.php\/prodotto\/olio-balsamico-100ml\/"]}]},{"@type":"ImageObject","inLanguage":"it-IT","@id":"https:\/\/interesting-lumiere.212-132-98-230.plesk.page\/index.php\/prodotto\/olio-balsamico-100ml\/#primaryimage","url":"https:\/\/interesting-lumiere.212-132-98-230.plesk.page\/wp-content\/uploads\/2016\/02\/152-1.webp","contentUrl":"https:\/\/interesting-lumiere.212-132-98-230.plesk.page\/wp-content\/uploads\/2016\/02\/152-1.webp","width":600,"height":600},{"@type":"BreadcrumbList","@id":"https:\/\/interesting-lumiere.212-132-98-230.plesk.page\/index.php\/prodotto\/olio-balsamico-100ml\/#breadcrumb","itemListElement":[{"@type":"ListItem","position":1,"name":"Home","item":"https:\/\/interesting-lumiere.212-132-98-230.plesk.page\/"},{"@type":"ListItem","position":2,"name":"Shop","item":"https:\/\/interesting-lumiere.212-132-98-230.plesk.page\/index.php\/negozio\/"},{"@type":"ListItem","position":3,"name":"Olio Balsamico 100ml"}]},{"@type":"WebSite","@id":"https:\/\/interesting-lumiere.212-132-98-230.plesk.page\/#website","url":"https:\/\/interesting-lumiere.212-132-98-230.plesk.page\/","name":"Demo","description":"","potentialAction":[{"@type":"SearchAction","target":{"@type":"EntryPoint","urlTemplate":"https:\/\/interesting-lumiere.212-132-98-230.plesk.page\/?s={search_term_string}"},"query-input":"required name=search_term_string"}],"inLanguage":"it-IT"}]}},"_links":{"self":[{"href":"https:\/\/interesting-lumiere.212-132-98-230.plesk.page\/index.php\/wp-json\/wp\/v2\/product\/716","targetHints":{"allow":["GET"]}}],"collection":[{"href":"https:\/\/interesting-lumiere.212-132-98-230.plesk.page\/index.php\/wp-json\/wp\/v2\/product"}],"about":[{"href":"https:\/\/interesting-lumiere.212-132-98-230.plesk.page\/index.php\/wp-json\/wp\/v2\/types\/product"}],"replies":[{"embeddable":true,"href":"https:\/\/interesting-lumiere.212-132-98-230.plesk.page\/index.php\/wp-json\/wp\/v2\/comments?post=716"}],"wp:featuredmedia":[{"embeddable":true,"href":"https:\/\/interesting-lumiere.212-132-98-230.plesk.page\/index.php\/wp-json\/wp\/v2\/media\/707"}],"wp:attachment":[{"href":"https:\/\/interesting-lumiere.212-132-98-230.plesk.page\/index.php\/wp-json\/wp\/v2\/media?parent=716"}],"wp:term":[{"taxonomy":"product_cat","embeddable":true,"href":"https:\/\/interesting-lumiere.212-132-98-230.plesk.page\/index.php\/wp-json\/wp\/v2\/product_cat?post=716"},{"taxonomy":"product_tag","embeddable":true,"href":"https:\/\/interesting-lumiere.212-132-98-230.plesk.page\/index.php\/wp-json\/wp\/v2\/product_tag?post=716"}],"curies":[{"name":"wp","href":"https:\/\/api.w.org\/{rel}","templated":true}]}}