{"id":717,"date":"2024-03-21T16:33:04","date_gmt":"2024-03-21T16:33:04","guid":{"rendered":"https:\/\/azzurrastore.com\/?post_type=product&#038;p=717"},"modified":"2024-03-21T16:38:44","modified_gmt":"2024-03-21T16:38:44","slug":"crema-viso-peptide-di-vipera-50ml","status":"publish","type":"product","link":"https:\/\/interesting-lumiere.212-132-98-230.plesk.page\/index.php\/prodotto\/crema-viso-peptide-di-vipera-50ml\/","title":{"rendered":"Crema Viso Peptide di Vipera 50ml"},"content":{"rendered":"","protected":false},"excerpt":{"rendered":"<p>&nbsp;<\/p>\n<p>Crema Viso Peptide di Vipera 50ml La crema ai peptidi del siero di vipera \u00e8 presentata come un autentico antidoto alla formazione delle rughe. I principi attivi contenuti in questa particolare formulazione possono restituire effetti simili al botox ma senza alcuna iniezione. Attraverso il suo principio attivo la crema ai peptidi del siero di vipera distende la pelle eliminando le rughe. Il principio attivo in questione \u00e8 un ingrediente in grado di rilassare i muscoli del viso per prevenire le rughe di espressione pi\u00f9 profonde e levigare le rughe gi\u00e0 presenti. Sebbene \u00e8 indicato per le pelli mature, sono comunque adatte a tutte le et\u00e0. La sua formulazione rivitalizza, rigenera, illumina e uniforma il tono della pelle idratando in profondit\u00e0. Si sente subito la pelle pi\u00f9 morbida e liscia al tatto, la luminosit\u00e0 aumenta istantaneamente e si avverte un effetto tensore immediato. Anche l\u2019aspetto stanco beneficia dell\u2019applicazione della crema, perch\u00e9 l\u2019effetto tensore agisce anche sulla distensione dei tratti del viso.<\/p>\n","protected":false},"featured_media":705,"comment_status":"open","ping_status":"closed","template":"","meta":[],"product_cat":[35],"product_tag":[],"class_list":{"0":"post-717","1":"product","2":"type-product","3":"status-publish","4":"has-post-thumbnail","6":"product_cat-cura-della-persona","8":"first","9":"instock","10":"shipping-taxable","11":"purchasable","12":"product-type-simple"},"yoast_head":"<!-- This site is optimized with the Yoast SEO plugin v22.3 - https:\/\/yoast.com\/wordpress\/plugins\/seo\/ -->\n<title>Crema Viso Peptide di Vipera 50ml - Demo<\/title>\n<meta name=\"robots\" content=\"noindex, follow, max-snippet:-1, max-image-preview:large, max-video-preview:-1\" \/>\n<meta property=\"og:locale\" content=\"it_IT\" \/>\n<meta property=\"og:type\" content=\"article\" \/>\n<meta property=\"og:title\" content=\"Crema Viso Peptide di Vipera 50ml - Demo\" \/>\n<meta property=\"og:description\" content=\"&nbsp;  Crema Viso Peptide di Vipera 50ml La crema ai peptidi del siero di vipera \u00e8 presentata come un autentico antidoto alla formazione delle rughe. I principi attivi contenuti in questa particolare formulazione possono restituire effetti simili al botox ma senza alcuna iniezione. Attraverso il suo principio attivo la crema ai peptidi del siero di vipera distende la pelle eliminando le rughe. Il principio attivo in questione \u00e8 un ingrediente in grado di rilassare i muscoli del viso per prevenire le rughe di espressione pi\u00f9 profonde e levigare le rughe gi\u00e0 presenti. Sebbene \u00e8 indicato per le pelli mature, sono comunque adatte a tutte le et\u00e0. La sua formulazione rivitalizza, rigenera, illumina e uniforma il tono della pelle idratando in profondit\u00e0. Si sente subito la pelle pi\u00f9 morbida e liscia al tatto, la luminosit\u00e0 aumenta istantaneamente e si avverte un effetto tensore immediato. Anche l\u2019aspetto stanco beneficia dell\u2019applicazione della crema, perch\u00e9 l\u2019effetto tensore agisce anche sulla distensione dei tratti del viso.\" \/>\n<meta property=\"og:url\" content=\"https:\/\/interesting-lumiere.212-132-98-230.plesk.page\/index.php\/prodotto\/crema-viso-peptide-di-vipera-50ml\/\" \/>\n<meta property=\"og:site_name\" content=\"Demo\" \/>\n<meta property=\"article:modified_time\" content=\"2024-03-21T16:38:44+00:00\" \/>\n<meta property=\"og:image\" content=\"https:\/\/interesting-lumiere.212-132-98-230.plesk.page\/wp-content\/uploads\/2016\/02\/128.webp\" \/>\n\t<meta property=\"og:image:width\" content=\"600\" \/>\n\t<meta property=\"og:image:height\" content=\"600\" \/>\n\t<meta property=\"og:image:type\" content=\"image\/webp\" \/>\n<meta name=\"twitter:card\" content=\"summary_large_image\" \/>\n<meta name=\"twitter:label1\" content=\"Tempo di lettura stimato\" \/>\n\t<meta name=\"twitter:data1\" content=\"1 minuto\" \/>\n<script type=\"application\/ld+json\" class=\"yoast-schema-graph\">{\"@context\":\"https:\/\/schema.org\",\"@graph\":[{\"@type\":\"WebPage\",\"@id\":\"https:\/\/interesting-lumiere.212-132-98-230.plesk.page\/index.php\/prodotto\/crema-viso-peptide-di-vipera-50ml\/\",\"url\":\"https:\/\/interesting-lumiere.212-132-98-230.plesk.page\/index.php\/prodotto\/crema-viso-peptide-di-vipera-50ml\/\",\"name\":\"Crema Viso Peptide di Vipera 50ml - Demo\",\"isPartOf\":{\"@id\":\"https:\/\/interesting-lumiere.212-132-98-230.plesk.page\/#website\"},\"primaryImageOfPage\":{\"@id\":\"https:\/\/interesting-lumiere.212-132-98-230.plesk.page\/index.php\/prodotto\/crema-viso-peptide-di-vipera-50ml\/#primaryimage\"},\"image\":{\"@id\":\"https:\/\/interesting-lumiere.212-132-98-230.plesk.page\/index.php\/prodotto\/crema-viso-peptide-di-vipera-50ml\/#primaryimage\"},\"thumbnailUrl\":\"https:\/\/interesting-lumiere.212-132-98-230.plesk.page\/wp-content\/uploads\/2016\/02\/128.webp\",\"datePublished\":\"2024-03-21T16:33:04+00:00\",\"dateModified\":\"2024-03-21T16:38:44+00:00\",\"breadcrumb\":{\"@id\":\"https:\/\/interesting-lumiere.212-132-98-230.plesk.page\/index.php\/prodotto\/crema-viso-peptide-di-vipera-50ml\/#breadcrumb\"},\"inLanguage\":\"it-IT\",\"potentialAction\":[{\"@type\":\"ReadAction\",\"target\":[\"https:\/\/interesting-lumiere.212-132-98-230.plesk.page\/index.php\/prodotto\/crema-viso-peptide-di-vipera-50ml\/\"]}]},{\"@type\":\"ImageObject\",\"inLanguage\":\"it-IT\",\"@id\":\"https:\/\/interesting-lumiere.212-132-98-230.plesk.page\/index.php\/prodotto\/crema-viso-peptide-di-vipera-50ml\/#primaryimage\",\"url\":\"https:\/\/interesting-lumiere.212-132-98-230.plesk.page\/wp-content\/uploads\/2016\/02\/128.webp\",\"contentUrl\":\"https:\/\/interesting-lumiere.212-132-98-230.plesk.page\/wp-content\/uploads\/2016\/02\/128.webp\",\"width\":600,\"height\":600},{\"@type\":\"BreadcrumbList\",\"@id\":\"https:\/\/interesting-lumiere.212-132-98-230.plesk.page\/index.php\/prodotto\/crema-viso-peptide-di-vipera-50ml\/#breadcrumb\",\"itemListElement\":[{\"@type\":\"ListItem\",\"position\":1,\"name\":\"Home\",\"item\":\"https:\/\/interesting-lumiere.212-132-98-230.plesk.page\/\"},{\"@type\":\"ListItem\",\"position\":2,\"name\":\"Shop\",\"item\":\"https:\/\/interesting-lumiere.212-132-98-230.plesk.page\/index.php\/negozio\/\"},{\"@type\":\"ListItem\",\"position\":3,\"name\":\"Crema Viso Peptide di Vipera 50ml\"}]},{\"@type\":\"WebSite\",\"@id\":\"https:\/\/interesting-lumiere.212-132-98-230.plesk.page\/#website\",\"url\":\"https:\/\/interesting-lumiere.212-132-98-230.plesk.page\/\",\"name\":\"Demo\",\"description\":\"\",\"potentialAction\":[{\"@type\":\"SearchAction\",\"target\":{\"@type\":\"EntryPoint\",\"urlTemplate\":\"https:\/\/interesting-lumiere.212-132-98-230.plesk.page\/?s={search_term_string}\"},\"query-input\":\"required name=search_term_string\"}],\"inLanguage\":\"it-IT\"}]}<\/script>\n<!-- \/ Yoast SEO plugin. -->","yoast_head_json":{"title":"Crema Viso Peptide di Vipera 50ml - Demo","robots":{"index":"noindex","follow":"follow","max-snippet":"max-snippet:-1","max-image-preview":"max-image-preview:large","max-video-preview":"max-video-preview:-1"},"og_locale":"it_IT","og_type":"article","og_title":"Crema Viso Peptide di Vipera 50ml - Demo","og_description":"&nbsp;  Crema Viso Peptide di Vipera 50ml La crema ai peptidi del siero di vipera \u00e8 presentata come un autentico antidoto alla formazione delle rughe. I principi attivi contenuti in questa particolare formulazione possono restituire effetti simili al botox ma senza alcuna iniezione. Attraverso il suo principio attivo la crema ai peptidi del siero di vipera distende la pelle eliminando le rughe. Il principio attivo in questione \u00e8 un ingrediente in grado di rilassare i muscoli del viso per prevenire le rughe di espressione pi\u00f9 profonde e levigare le rughe gi\u00e0 presenti. Sebbene \u00e8 indicato per le pelli mature, sono comunque adatte a tutte le et\u00e0. La sua formulazione rivitalizza, rigenera, illumina e uniforma il tono della pelle idratando in profondit\u00e0. Si sente subito la pelle pi\u00f9 morbida e liscia al tatto, la luminosit\u00e0 aumenta istantaneamente e si avverte un effetto tensore immediato. Anche l\u2019aspetto stanco beneficia dell\u2019applicazione della crema, perch\u00e9 l\u2019effetto tensore agisce anche sulla distensione dei tratti del viso.","og_url":"https:\/\/interesting-lumiere.212-132-98-230.plesk.page\/index.php\/prodotto\/crema-viso-peptide-di-vipera-50ml\/","og_site_name":"Demo","article_modified_time":"2024-03-21T16:38:44+00:00","og_image":[{"width":600,"height":600,"url":"https:\/\/interesting-lumiere.212-132-98-230.plesk.page\/wp-content\/uploads\/2016\/02\/128.webp","type":"image\/webp"}],"twitter_card":"summary_large_image","twitter_misc":{"Tempo di lettura stimato":"1 minuto"},"schema":{"@context":"https:\/\/schema.org","@graph":[{"@type":"WebPage","@id":"https:\/\/interesting-lumiere.212-132-98-230.plesk.page\/index.php\/prodotto\/crema-viso-peptide-di-vipera-50ml\/","url":"https:\/\/interesting-lumiere.212-132-98-230.plesk.page\/index.php\/prodotto\/crema-viso-peptide-di-vipera-50ml\/","name":"Crema Viso Peptide di Vipera 50ml - Demo","isPartOf":{"@id":"https:\/\/interesting-lumiere.212-132-98-230.plesk.page\/#website"},"primaryImageOfPage":{"@id":"https:\/\/interesting-lumiere.212-132-98-230.plesk.page\/index.php\/prodotto\/crema-viso-peptide-di-vipera-50ml\/#primaryimage"},"image":{"@id":"https:\/\/interesting-lumiere.212-132-98-230.plesk.page\/index.php\/prodotto\/crema-viso-peptide-di-vipera-50ml\/#primaryimage"},"thumbnailUrl":"https:\/\/interesting-lumiere.212-132-98-230.plesk.page\/wp-content\/uploads\/2016\/02\/128.webp","datePublished":"2024-03-21T16:33:04+00:00","dateModified":"2024-03-21T16:38:44+00:00","breadcrumb":{"@id":"https:\/\/interesting-lumiere.212-132-98-230.plesk.page\/index.php\/prodotto\/crema-viso-peptide-di-vipera-50ml\/#breadcrumb"},"inLanguage":"it-IT","potentialAction":[{"@type":"ReadAction","target":["https:\/\/interesting-lumiere.212-132-98-230.plesk.page\/index.php\/prodotto\/crema-viso-peptide-di-vipera-50ml\/"]}]},{"@type":"ImageObject","inLanguage":"it-IT","@id":"https:\/\/interesting-lumiere.212-132-98-230.plesk.page\/index.php\/prodotto\/crema-viso-peptide-di-vipera-50ml\/#primaryimage","url":"https:\/\/interesting-lumiere.212-132-98-230.plesk.page\/wp-content\/uploads\/2016\/02\/128.webp","contentUrl":"https:\/\/interesting-lumiere.212-132-98-230.plesk.page\/wp-content\/uploads\/2016\/02\/128.webp","width":600,"height":600},{"@type":"BreadcrumbList","@id":"https:\/\/interesting-lumiere.212-132-98-230.plesk.page\/index.php\/prodotto\/crema-viso-peptide-di-vipera-50ml\/#breadcrumb","itemListElement":[{"@type":"ListItem","position":1,"name":"Home","item":"https:\/\/interesting-lumiere.212-132-98-230.plesk.page\/"},{"@type":"ListItem","position":2,"name":"Shop","item":"https:\/\/interesting-lumiere.212-132-98-230.plesk.page\/index.php\/negozio\/"},{"@type":"ListItem","position":3,"name":"Crema Viso Peptide di Vipera 50ml"}]},{"@type":"WebSite","@id":"https:\/\/interesting-lumiere.212-132-98-230.plesk.page\/#website","url":"https:\/\/interesting-lumiere.212-132-98-230.plesk.page\/","name":"Demo","description":"","potentialAction":[{"@type":"SearchAction","target":{"@type":"EntryPoint","urlTemplate":"https:\/\/interesting-lumiere.212-132-98-230.plesk.page\/?s={search_term_string}"},"query-input":"required name=search_term_string"}],"inLanguage":"it-IT"}]}},"_links":{"self":[{"href":"https:\/\/interesting-lumiere.212-132-98-230.plesk.page\/index.php\/wp-json\/wp\/v2\/product\/717","targetHints":{"allow":["GET"]}}],"collection":[{"href":"https:\/\/interesting-lumiere.212-132-98-230.plesk.page\/index.php\/wp-json\/wp\/v2\/product"}],"about":[{"href":"https:\/\/interesting-lumiere.212-132-98-230.plesk.page\/index.php\/wp-json\/wp\/v2\/types\/product"}],"replies":[{"embeddable":true,"href":"https:\/\/interesting-lumiere.212-132-98-230.plesk.page\/index.php\/wp-json\/wp\/v2\/comments?post=717"}],"wp:featuredmedia":[{"embeddable":true,"href":"https:\/\/interesting-lumiere.212-132-98-230.plesk.page\/index.php\/wp-json\/wp\/v2\/media\/705"}],"wp:attachment":[{"href":"https:\/\/interesting-lumiere.212-132-98-230.plesk.page\/index.php\/wp-json\/wp\/v2\/media?parent=717"}],"wp:term":[{"taxonomy":"product_cat","embeddable":true,"href":"https:\/\/interesting-lumiere.212-132-98-230.plesk.page\/index.php\/wp-json\/wp\/v2\/product_cat?post=717"},{"taxonomy":"product_tag","embeddable":true,"href":"https:\/\/interesting-lumiere.212-132-98-230.plesk.page\/index.php\/wp-json\/wp\/v2\/product_tag?post=717"}],"curies":[{"name":"wp","href":"https:\/\/api.w.org\/{rel}","templated":true}]}}