{"id":719,"date":"2024-03-21T16:46:15","date_gmt":"2024-03-21T16:46:15","guid":{"rendered":"https:\/\/azzurrastore.com\/?post_type=product&#038;p=719"},"modified":"2024-03-21T16:56:08","modified_gmt":"2024-03-21T16:56:08","slug":"giorgio-armani-my-way-intense-eau-de-parfum-refillable-spray","status":"publish","type":"product","link":"https:\/\/interesting-lumiere.212-132-98-230.plesk.page\/index.php\/prodotto\/giorgio-armani-my-way-intense-eau-de-parfum-refillable-spray\/","title":{"rendered":"Giorgio Armani My Way Intense Eau de Parfum Refillable Spray"},"content":{"rendered":"","protected":false},"excerpt":{"rendered":"<p>&nbsp;<\/p>\n<p>Scopri My Way Intense, la nuova fragranza femminile intensa di Giorgio Armani. Un bouquet floreale, potente e luminoso, con una scia legnosa e penetrante che racchiude esperienze uniche e incontri autentici vissuti in giro per il mondo. Vivi a modo tuo, intensamente.<\/p>\n<p>&nbsp;<\/p>\n<p>My Way Intense t&#8217;invita a partire alla scoperta di te, in un viaggio fatto d&#8217;incontri densi di significato ed esperienze importanti. Una florealit\u00e0 amplificata su una scia legnosa persistente, a base d&#8217;ingredienti provenienti da fonti sostenibili. La fragranza si apre su note luminose di fiori d&#8217;arancio dall&#8217;Egitto. Un nuovo, intenso, cuore di tuberosa indiana svela un lato morbido e vellutato della firma floreale. Sul fondo, il sandalo della Nuova Caledonia assume un carattere irresistibilmente cremoso grazie all&#8217;incontro con la voluttuosa vaniglia del Madagascar.<\/p>\n<p><strong>UNA FRAGRANZA PER IL FUTURO<\/strong><\/p>\n<p>Ingredienti da fonti sostenibili<\/p>\n<p>MY WAY privilegia l&#8217;uso d&#8217;ingredienti naturali, raccolti per la maggior parte in modo responsabile e sostenibile. La vaniglia del Madagascar proviene da programmi locali che sostengono le comunit\u00e0 pi\u00f9 svantaggiate secondo i principi del commercio equo e solidale.<\/p>\n<p>Un flacone ricaricabile, pensato per durare<\/p>\n<p>My Way propone un innovativo sistema di ricarica che permette di svitare e ricaricare a casa qualsiasi formato &#8211; da 30, 50 o 90 ml &#8211; riducendo le emissioni di carbonio del 60%* e l&#8217;uso di plastica del 64%.<\/p>\n<p>Un impegno a ridurre l&#8217;impronta ambientale<\/p>\n<p>Giorgio Armani si impegna in programmi di tutela delle foreste in Madagascar, Zimbabwe, Per\u00f9 e Brasile. Da quando \u00e8 stato lanciato, MY WAY ha permesso di tutelare pi\u00f9 di 14.000 ettari di foresta primaria per ridurre la sua impronta ambientale e preservare la biodiversit\u00e0.<\/p>\n<p>Grazie agli sforzi di eco-design e di tutela della biodiversit\u00e0 compiuti, MY WAY INTENSE raggiunge la neutralit\u00e0 delle emissioni al carbonio.<\/p>\n<p><strong>IL FLACONE<\/strong><\/p>\n<p>Il tappo gioiello blu e oro del flacone My Way Intense simboleggia ogni esperienza fatta, come un potente talismano. L&#8217;intensit\u00e0 e l&#8217;importanza di questi momenti si riflettono anche nel vetro del flacone di May Way Intense, ora immerso in riflessi blu trasparenti. Il blu profondo del tappo, simbolo della Terra, \u00e8 esaltato da un anello d&#8217;oro che conferisce un tocco lussuoso e splendente. Il flacone in solido vetro mostra il nuovo jus rosa intenso di MY WAY INTENSE.<\/p>\n<p><strong>NOTE DI TESTA<\/strong><\/p>\n<p><strong>FIORI D&#8217;ARANCIO PROVENIENTI DALL&#8217;EGITTO<\/strong><\/p>\n<p>L&#8217;apertura luminosa e frizzante della fragranza. La nota di fiori d&#8217;arancio, estratta dai frutti di arancio amaro raccolti a mano in Egitto, \u00e8 ora ottenuta utilizzando una versione moderna del processo di estrazione artigianale dell&#8217;enfleurage, infondendo i fiori d&#8217;arancio nell&#8217;arancio amaro per rivelare una florealit\u00e0 pi\u00f9 intensa e persistente.<\/p>\n<p><strong>NOTE DI CUORE<\/strong><\/p>\n<p><strong>TUBEROSA PROVENIENTE DALL&#8217;INDIA<\/strong><\/p>\n<p>Il cuore luminoso, sensuale e opulento di My Way Intense ora batte ancora pi\u00f9 forte. Un nuovo cuore di assoluta di tuberosa intensa composto da sfaccettature cremose e vellutate esalta e amplifica la firma solare e moderna dell&#8217;assoluta di tuberosa. Le due assolute di tuberosa nel cuore sono ottenute da fiori raccolti a mano nella regione indiana di Mysore.<\/p>\n<p><strong>NOTE DI FONDO<\/strong><\/p>\n<p><strong>SANDALO DELLA NUOVA CALEDONIA E VANIGLIA DEL MADAGASCAR<\/strong><\/p>\n<p>Dall&#8217;unione di morbido sandalo naturale e l&#8217;infusione intensa e avvolgente di vaniglia bourbon, nasce una scia persistente e sensuale di legni. La vaniglia proviene da un programma sostenibile e responsabile che supporta le comunit\u00e0 locali del Madagascar.<\/p>\n","protected":false},"featured_media":730,"comment_status":"open","ping_status":"closed","template":"","meta":[],"product_cat":[45],"product_tag":[],"class_list":{"0":"post-719","1":"product","2":"type-product","3":"status-publish","4":"has-post-thumbnail","6":"product_cat-profumi-originali","8":"first","9":"instock","10":"shipping-taxable","11":"purchasable","12":"product-type-simple"},"yoast_head":"<!-- This site is optimized with the Yoast SEO plugin v22.3 - https:\/\/yoast.com\/wordpress\/plugins\/seo\/ -->\n<title>Giorgio Armani My Way Intense Eau de Parfum Refillable Spray - Demo<\/title>\n<meta name=\"robots\" content=\"noindex, follow, max-snippet:-1, max-image-preview:large, max-video-preview:-1\" \/>\n<meta property=\"og:locale\" content=\"it_IT\" \/>\n<meta property=\"og:type\" content=\"article\" \/>\n<meta property=\"og:title\" content=\"Giorgio Armani My Way Intense Eau de Parfum Refillable Spray - Demo\" \/>\n<meta property=\"og:description\" content=\"&nbsp;  Scopri My Way Intense, la nuova fragranza femminile intensa di Giorgio Armani. Un bouquet floreale, potente e luminoso, con una scia legnosa e penetrante che racchiude esperienze uniche e incontri autentici vissuti in giro per il mondo. Vivi a modo tuo, intensamente.  &nbsp;  My Way Intense t&#039;invita a partire alla scoperta di te, in un viaggio fatto d&#039;incontri densi di significato ed esperienze importanti. Una florealit\u00e0 amplificata su una scia legnosa persistente, a base d&#039;ingredienti provenienti da fonti sostenibili. La fragranza si apre su note luminose di fiori d&#039;arancio dall&#039;Egitto. Un nuovo, intenso, cuore di tuberosa indiana svela un lato morbido e vellutato della firma floreale. Sul fondo, il sandalo della Nuova Caledonia assume un carattere irresistibilmente cremoso grazie all&#039;incontro con la voluttuosa vaniglia del Madagascar.  UNA FRAGRANZA PER IL FUTURO  Ingredienti da fonti sostenibili  MY WAY privilegia l&#039;uso d&#039;ingredienti naturali, raccolti per la maggior parte in modo responsabile e sostenibile. La vaniglia del Madagascar proviene da programmi locali che sostengono le comunit\u00e0 pi\u00f9 svantaggiate secondo i principi del commercio equo e solidale.  Un flacone ricaricabile, pensato per durare  My Way propone un innovativo sistema di ricarica che permette di svitare e ricaricare a casa qualsiasi formato - da 30, 50 o 90 ml - riducendo le emissioni di carbonio del 60%* e l&#039;uso di plastica del 64%.  Un impegno a ridurre l&#039;impronta ambientale  Giorgio Armani si impegna in programmi di tutela delle foreste in Madagascar, Zimbabwe, Per\u00f9 e Brasile. Da quando \u00e8 stato lanciato, MY WAY ha permesso di tutelare pi\u00f9 di 14.000 ettari di foresta primaria per ridurre la sua impronta ambientale e preservare la biodiversit\u00e0.  Grazie agli sforzi di eco-design e di tutela della biodiversit\u00e0 compiuti, MY WAY INTENSE raggiunge la neutralit\u00e0 delle emissioni al carbonio.  IL FLACONE  Il tappo gioiello blu e oro del flacone My Way Intense simboleggia ogni esperienza fatta, come un potente talismano. L&#039;intensit\u00e0 e l&#039;importanza di questi momenti si riflettono anche nel vetro del flacone di May Way Intense, ora immerso in riflessi blu trasparenti. Il blu profondo del tappo, simbolo della Terra, \u00e8 esaltato da un anello d&#039;oro che conferisce un tocco lussuoso e splendente. Il flacone in solido vetro mostra il nuovo jus rosa intenso di MY WAY INTENSE.  NOTE DI TESTA  FIORI D&#039;ARANCIO PROVENIENTI DALL&#039;EGITTO  L&#039;apertura luminosa e frizzante della fragranza. La nota di fiori d&#039;arancio, estratta dai frutti di arancio amaro raccolti a mano in Egitto, \u00e8 ora ottenuta utilizzando una versione moderna del processo di estrazione artigianale dell&#039;enfleurage, infondendo i fiori d&#039;arancio nell&#039;arancio amaro per rivelare una florealit\u00e0 pi\u00f9 intensa e persistente.  NOTE DI CUORE  TUBEROSA PROVENIENTE DALL&#039;INDIA  Il cuore luminoso, sensuale e opulento di My Way Intense ora batte ancora pi\u00f9 forte. Un nuovo cuore di assoluta di tuberosa intensa composto da sfaccettature cremose e vellutate esalta e amplifica la firma solare e moderna dell&#039;assoluta di tuberosa. Le due assolute di tuberosa nel cuore sono ottenute da fiori raccolti a mano nella regione indiana di Mysore.  NOTE DI FONDO  SANDALO DELLA NUOVA CALEDONIA E VANIGLIA DEL MADAGASCAR  Dall&#039;unione di morbido sandalo naturale e l&#039;infusione intensa e avvolgente di vaniglia bourbon, nasce una scia persistente e sensuale di legni. La vaniglia proviene da un programma sostenibile e responsabile che supporta le comunit\u00e0 locali del Madagascar.\" \/>\n<meta property=\"og:url\" content=\"https:\/\/interesting-lumiere.212-132-98-230.plesk.page\/index.php\/prodotto\/giorgio-armani-my-way-intense-eau-de-parfum-refillable-spray\/\" \/>\n<meta property=\"og:site_name\" content=\"Demo\" \/>\n<meta property=\"article:modified_time\" content=\"2024-03-21T16:56:08+00:00\" \/>\n<meta property=\"og:image\" content=\"https:\/\/interesting-lumiere.212-132-98-230.plesk.page\/wp-content\/uploads\/2024\/03\/128-1.jpg\" \/>\n\t<meta property=\"og:image:width\" content=\"600\" \/>\n\t<meta property=\"og:image:height\" content=\"600\" \/>\n\t<meta property=\"og:image:type\" content=\"image\/jpeg\" \/>\n<meta name=\"twitter:card\" content=\"summary_large_image\" \/>\n<meta name=\"twitter:label1\" content=\"Tempo di lettura stimato\" \/>\n\t<meta name=\"twitter:data1\" content=\"1 minuto\" \/>\n<script type=\"application\/ld+json\" class=\"yoast-schema-graph\">{\"@context\":\"https:\/\/schema.org\",\"@graph\":[{\"@type\":\"WebPage\",\"@id\":\"https:\/\/interesting-lumiere.212-132-98-230.plesk.page\/index.php\/prodotto\/giorgio-armani-my-way-intense-eau-de-parfum-refillable-spray\/\",\"url\":\"https:\/\/interesting-lumiere.212-132-98-230.plesk.page\/index.php\/prodotto\/giorgio-armani-my-way-intense-eau-de-parfum-refillable-spray\/\",\"name\":\"Giorgio Armani My Way Intense Eau de Parfum Refillable Spray - Demo\",\"isPartOf\":{\"@id\":\"https:\/\/interesting-lumiere.212-132-98-230.plesk.page\/#website\"},\"primaryImageOfPage\":{\"@id\":\"https:\/\/interesting-lumiere.212-132-98-230.plesk.page\/index.php\/prodotto\/giorgio-armani-my-way-intense-eau-de-parfum-refillable-spray\/#primaryimage\"},\"image\":{\"@id\":\"https:\/\/interesting-lumiere.212-132-98-230.plesk.page\/index.php\/prodotto\/giorgio-armani-my-way-intense-eau-de-parfum-refillable-spray\/#primaryimage\"},\"thumbnailUrl\":\"https:\/\/interesting-lumiere.212-132-98-230.plesk.page\/wp-content\/uploads\/2024\/03\/128-1.jpg\",\"datePublished\":\"2024-03-21T16:46:15+00:00\",\"dateModified\":\"2024-03-21T16:56:08+00:00\",\"breadcrumb\":{\"@id\":\"https:\/\/interesting-lumiere.212-132-98-230.plesk.page\/index.php\/prodotto\/giorgio-armani-my-way-intense-eau-de-parfum-refillable-spray\/#breadcrumb\"},\"inLanguage\":\"it-IT\",\"potentialAction\":[{\"@type\":\"ReadAction\",\"target\":[\"https:\/\/interesting-lumiere.212-132-98-230.plesk.page\/index.php\/prodotto\/giorgio-armani-my-way-intense-eau-de-parfum-refillable-spray\/\"]}]},{\"@type\":\"ImageObject\",\"inLanguage\":\"it-IT\",\"@id\":\"https:\/\/interesting-lumiere.212-132-98-230.plesk.page\/index.php\/prodotto\/giorgio-armani-my-way-intense-eau-de-parfum-refillable-spray\/#primaryimage\",\"url\":\"https:\/\/interesting-lumiere.212-132-98-230.plesk.page\/wp-content\/uploads\/2024\/03\/128-1.jpg\",\"contentUrl\":\"https:\/\/interesting-lumiere.212-132-98-230.plesk.page\/wp-content\/uploads\/2024\/03\/128-1.jpg\",\"width\":600,\"height\":600},{\"@type\":\"BreadcrumbList\",\"@id\":\"https:\/\/interesting-lumiere.212-132-98-230.plesk.page\/index.php\/prodotto\/giorgio-armani-my-way-intense-eau-de-parfum-refillable-spray\/#breadcrumb\",\"itemListElement\":[{\"@type\":\"ListItem\",\"position\":1,\"name\":\"Home\",\"item\":\"https:\/\/interesting-lumiere.212-132-98-230.plesk.page\/\"},{\"@type\":\"ListItem\",\"position\":2,\"name\":\"Shop\",\"item\":\"https:\/\/interesting-lumiere.212-132-98-230.plesk.page\/index.php\/negozio\/\"},{\"@type\":\"ListItem\",\"position\":3,\"name\":\"Giorgio Armani My Way Intense Eau de Parfum Refillable Spray\"}]},{\"@type\":\"WebSite\",\"@id\":\"https:\/\/interesting-lumiere.212-132-98-230.plesk.page\/#website\",\"url\":\"https:\/\/interesting-lumiere.212-132-98-230.plesk.page\/\",\"name\":\"Demo\",\"description\":\"\",\"potentialAction\":[{\"@type\":\"SearchAction\",\"target\":{\"@type\":\"EntryPoint\",\"urlTemplate\":\"https:\/\/interesting-lumiere.212-132-98-230.plesk.page\/?s={search_term_string}\"},\"query-input\":\"required name=search_term_string\"}],\"inLanguage\":\"it-IT\"}]}<\/script>\n<!-- \/ Yoast SEO plugin. -->","yoast_head_json":{"title":"Giorgio Armani My Way Intense Eau de Parfum Refillable Spray - Demo","robots":{"index":"noindex","follow":"follow","max-snippet":"max-snippet:-1","max-image-preview":"max-image-preview:large","max-video-preview":"max-video-preview:-1"},"og_locale":"it_IT","og_type":"article","og_title":"Giorgio Armani My Way Intense Eau de Parfum Refillable Spray - Demo","og_description":"&nbsp;  Scopri My Way Intense, la nuova fragranza femminile intensa di Giorgio Armani. Un bouquet floreale, potente e luminoso, con una scia legnosa e penetrante che racchiude esperienze uniche e incontri autentici vissuti in giro per il mondo. Vivi a modo tuo, intensamente.  &nbsp;  My Way Intense t'invita a partire alla scoperta di te, in un viaggio fatto d'incontri densi di significato ed esperienze importanti. Una florealit\u00e0 amplificata su una scia legnosa persistente, a base d'ingredienti provenienti da fonti sostenibili. La fragranza si apre su note luminose di fiori d'arancio dall'Egitto. Un nuovo, intenso, cuore di tuberosa indiana svela un lato morbido e vellutato della firma floreale. Sul fondo, il sandalo della Nuova Caledonia assume un carattere irresistibilmente cremoso grazie all'incontro con la voluttuosa vaniglia del Madagascar.  UNA FRAGRANZA PER IL FUTURO  Ingredienti da fonti sostenibili  MY WAY privilegia l'uso d'ingredienti naturali, raccolti per la maggior parte in modo responsabile e sostenibile. La vaniglia del Madagascar proviene da programmi locali che sostengono le comunit\u00e0 pi\u00f9 svantaggiate secondo i principi del commercio equo e solidale.  Un flacone ricaricabile, pensato per durare  My Way propone un innovativo sistema di ricarica che permette di svitare e ricaricare a casa qualsiasi formato - da 30, 50 o 90 ml - riducendo le emissioni di carbonio del 60%* e l'uso di plastica del 64%.  Un impegno a ridurre l'impronta ambientale  Giorgio Armani si impegna in programmi di tutela delle foreste in Madagascar, Zimbabwe, Per\u00f9 e Brasile. Da quando \u00e8 stato lanciato, MY WAY ha permesso di tutelare pi\u00f9 di 14.000 ettari di foresta primaria per ridurre la sua impronta ambientale e preservare la biodiversit\u00e0.  Grazie agli sforzi di eco-design e di tutela della biodiversit\u00e0 compiuti, MY WAY INTENSE raggiunge la neutralit\u00e0 delle emissioni al carbonio.  IL FLACONE  Il tappo gioiello blu e oro del flacone My Way Intense simboleggia ogni esperienza fatta, come un potente talismano. L'intensit\u00e0 e l'importanza di questi momenti si riflettono anche nel vetro del flacone di May Way Intense, ora immerso in riflessi blu trasparenti. Il blu profondo del tappo, simbolo della Terra, \u00e8 esaltato da un anello d'oro che conferisce un tocco lussuoso e splendente. Il flacone in solido vetro mostra il nuovo jus rosa intenso di MY WAY INTENSE.  NOTE DI TESTA  FIORI D'ARANCIO PROVENIENTI DALL'EGITTO  L'apertura luminosa e frizzante della fragranza. La nota di fiori d'arancio, estratta dai frutti di arancio amaro raccolti a mano in Egitto, \u00e8 ora ottenuta utilizzando una versione moderna del processo di estrazione artigianale dell'enfleurage, infondendo i fiori d'arancio nell'arancio amaro per rivelare una florealit\u00e0 pi\u00f9 intensa e persistente.  NOTE DI CUORE  TUBEROSA PROVENIENTE DALL'INDIA  Il cuore luminoso, sensuale e opulento di My Way Intense ora batte ancora pi\u00f9 forte. Un nuovo cuore di assoluta di tuberosa intensa composto da sfaccettature cremose e vellutate esalta e amplifica la firma solare e moderna dell'assoluta di tuberosa. Le due assolute di tuberosa nel cuore sono ottenute da fiori raccolti a mano nella regione indiana di Mysore.  NOTE DI FONDO  SANDALO DELLA NUOVA CALEDONIA E VANIGLIA DEL MADAGASCAR  Dall'unione di morbido sandalo naturale e l'infusione intensa e avvolgente di vaniglia bourbon, nasce una scia persistente e sensuale di legni. La vaniglia proviene da un programma sostenibile e responsabile che supporta le comunit\u00e0 locali del Madagascar.","og_url":"https:\/\/interesting-lumiere.212-132-98-230.plesk.page\/index.php\/prodotto\/giorgio-armani-my-way-intense-eau-de-parfum-refillable-spray\/","og_site_name":"Demo","article_modified_time":"2024-03-21T16:56:08+00:00","og_image":[{"width":600,"height":600,"url":"https:\/\/interesting-lumiere.212-132-98-230.plesk.page\/wp-content\/uploads\/2024\/03\/128-1.jpg","type":"image\/jpeg"}],"twitter_card":"summary_large_image","twitter_misc":{"Tempo di lettura stimato":"1 minuto"},"schema":{"@context":"https:\/\/schema.org","@graph":[{"@type":"WebPage","@id":"https:\/\/interesting-lumiere.212-132-98-230.plesk.page\/index.php\/prodotto\/giorgio-armani-my-way-intense-eau-de-parfum-refillable-spray\/","url":"https:\/\/interesting-lumiere.212-132-98-230.plesk.page\/index.php\/prodotto\/giorgio-armani-my-way-intense-eau-de-parfum-refillable-spray\/","name":"Giorgio Armani My Way Intense Eau de Parfum Refillable Spray - Demo","isPartOf":{"@id":"https:\/\/interesting-lumiere.212-132-98-230.plesk.page\/#website"},"primaryImageOfPage":{"@id":"https:\/\/interesting-lumiere.212-132-98-230.plesk.page\/index.php\/prodotto\/giorgio-armani-my-way-intense-eau-de-parfum-refillable-spray\/#primaryimage"},"image":{"@id":"https:\/\/interesting-lumiere.212-132-98-230.plesk.page\/index.php\/prodotto\/giorgio-armani-my-way-intense-eau-de-parfum-refillable-spray\/#primaryimage"},"thumbnailUrl":"https:\/\/interesting-lumiere.212-132-98-230.plesk.page\/wp-content\/uploads\/2024\/03\/128-1.jpg","datePublished":"2024-03-21T16:46:15+00:00","dateModified":"2024-03-21T16:56:08+00:00","breadcrumb":{"@id":"https:\/\/interesting-lumiere.212-132-98-230.plesk.page\/index.php\/prodotto\/giorgio-armani-my-way-intense-eau-de-parfum-refillable-spray\/#breadcrumb"},"inLanguage":"it-IT","potentialAction":[{"@type":"ReadAction","target":["https:\/\/interesting-lumiere.212-132-98-230.plesk.page\/index.php\/prodotto\/giorgio-armani-my-way-intense-eau-de-parfum-refillable-spray\/"]}]},{"@type":"ImageObject","inLanguage":"it-IT","@id":"https:\/\/interesting-lumiere.212-132-98-230.plesk.page\/index.php\/prodotto\/giorgio-armani-my-way-intense-eau-de-parfum-refillable-spray\/#primaryimage","url":"https:\/\/interesting-lumiere.212-132-98-230.plesk.page\/wp-content\/uploads\/2024\/03\/128-1.jpg","contentUrl":"https:\/\/interesting-lumiere.212-132-98-230.plesk.page\/wp-content\/uploads\/2024\/03\/128-1.jpg","width":600,"height":600},{"@type":"BreadcrumbList","@id":"https:\/\/interesting-lumiere.212-132-98-230.plesk.page\/index.php\/prodotto\/giorgio-armani-my-way-intense-eau-de-parfum-refillable-spray\/#breadcrumb","itemListElement":[{"@type":"ListItem","position":1,"name":"Home","item":"https:\/\/interesting-lumiere.212-132-98-230.plesk.page\/"},{"@type":"ListItem","position":2,"name":"Shop","item":"https:\/\/interesting-lumiere.212-132-98-230.plesk.page\/index.php\/negozio\/"},{"@type":"ListItem","position":3,"name":"Giorgio Armani My Way Intense Eau de Parfum Refillable Spray"}]},{"@type":"WebSite","@id":"https:\/\/interesting-lumiere.212-132-98-230.plesk.page\/#website","url":"https:\/\/interesting-lumiere.212-132-98-230.plesk.page\/","name":"Demo","description":"","potentialAction":[{"@type":"SearchAction","target":{"@type":"EntryPoint","urlTemplate":"https:\/\/interesting-lumiere.212-132-98-230.plesk.page\/?s={search_term_string}"},"query-input":"required name=search_term_string"}],"inLanguage":"it-IT"}]}},"_links":{"self":[{"href":"https:\/\/interesting-lumiere.212-132-98-230.plesk.page\/index.php\/wp-json\/wp\/v2\/product\/719","targetHints":{"allow":["GET"]}}],"collection":[{"href":"https:\/\/interesting-lumiere.212-132-98-230.plesk.page\/index.php\/wp-json\/wp\/v2\/product"}],"about":[{"href":"https:\/\/interesting-lumiere.212-132-98-230.plesk.page\/index.php\/wp-json\/wp\/v2\/types\/product"}],"replies":[{"embeddable":true,"href":"https:\/\/interesting-lumiere.212-132-98-230.plesk.page\/index.php\/wp-json\/wp\/v2\/comments?post=719"}],"wp:featuredmedia":[{"embeddable":true,"href":"https:\/\/interesting-lumiere.212-132-98-230.plesk.page\/index.php\/wp-json\/wp\/v2\/media\/730"}],"wp:attachment":[{"href":"https:\/\/interesting-lumiere.212-132-98-230.plesk.page\/index.php\/wp-json\/wp\/v2\/media?parent=719"}],"wp:term":[{"taxonomy":"product_cat","embeddable":true,"href":"https:\/\/interesting-lumiere.212-132-98-230.plesk.page\/index.php\/wp-json\/wp\/v2\/product_cat?post=719"},{"taxonomy":"product_tag","embeddable":true,"href":"https:\/\/interesting-lumiere.212-132-98-230.plesk.page\/index.php\/wp-json\/wp\/v2\/product_tag?post=719"}],"curies":[{"name":"wp","href":"https:\/\/api.w.org\/{rel}","templated":true}]}}